{"id":1983,"date":"2022-04-01T15:33:09","date_gmt":"2022-04-01T13:33:09","guid":{"rendered":"https:\/\/federicapagnoni.it\/?page_id=1983"},"modified":"2022-05-07T17:24:07","modified_gmt":"2022-05-07T15:24:07","slug":"un-cadre-flexible","status":"publish","type":"page","link":"https:\/\/federicapagnoni.it\/index.php\/fr\/un-cadre-flexible\/","title":{"rendered":"Cadre flexible"},"content":{"rendered":"\n<div class=\"wp-block-group alignfull has-ast-global-color-5-background-color has-background is-layout-flow wp-block-group-is-layout-flow\">\n<div class=\"wp-block-cover aligncenter is-light has-parallax\" style=\"background-image:url(http:\/\/federicapagnoni.it\/wp-content\/uploads\/2022\/04\/quadro-flessibile--scaled.jpg);min-height:400px;aspect-ratio:unset;\"><span aria-hidden=\"true\" class=\"has-background-dim-10 wp-block-cover__gradient-background has-background-dim\"><\/span><div class=\"wp-block-cover__inner-container is-layout-flow wp-block-cover-is-layout-flow\">\n<p class=\"has-text-align-center has-large-font-size\"><\/p>\n<\/div><\/div>\n\n\n\n<p>Pour r\u00e9pondre au besoin d\u2019un acc\u00e8s rapide et facilit\u00e9, je propose notamment un soutien \u00e0 distance, parce que flexible d\u2019un point de vue logistique, pour ainsi assurer \u201cun petit coin de chez soi\u201d \u00e0 l\u2019\u00e9tranger partout o\u00f9 on -soit r\u00e9sidents ou plus simplement en d\u00e9placement.<\/p>\n\n\n\n<p>Dans tous les cas, <strong>que le choix se porte sur un suivi en pr\u00e9sentiel ou sur une modalit\u00e9 \u00e0 distance<\/strong>, la flexibilit\u00e9, en termes d\u2019horaires, de fr\u00e9quence et de reprise de rendez-vous apr\u00e8s annulation, est toujours garantie.<\/p>\n\n\n\n<p>Un cadre flexible ne veut pas pour autant dire un cadre sans r\u00e8gles&nbsp;: il sera en effet \u00e9tabli que la s\u00e9ance sera due dans le cas o\u00f9 une annulation soit annonc\u00e9e moins de 48 heures \u00e0 l\u2019avance.<\/p>\n\n\n\n<p>Avec cette unique r\u00e8gle, Il s\u2019agit pour le patient de prendre conscience de l\u2019engagement pris vis-\u00e0-vis de soi-m\u00eame pour acc\u00e9der \u00e0 son bien-\u00eatre et de reconna\u00eetre le temps que le professionnel lui r\u00e9serve de mani\u00e8re exclusive et constante.<\/p>\n<\/div>\n\n\n\n<div class=\"wp-block-columns is-layout-flex wp-container-core-columns-is-layout-28f84493 wp-block-columns-is-layout-flex\">\n<div class=\"wp-block-column is-layout-flow wp-block-column-is-layout-flow\">\n<p class=\"has-text-align-center has-ast-global-color-5-color has-text-color has-background\" style=\"background-color:#2c1b56;font-size:28px\"><strong>ME CONTACTER<\/strong><\/p>\n\n\n\n<p class=\"has-text-align-center has-ast-global-color-6-color has-ast-global-color-5-background-color has-text-color has-background\">POUR TOUT RENSEIGNEMENT, QUESTIONS ET PRISES DE RENDEZ-VOUS, VEUILLEZ ME CONTACTER <br>AU<strong> <mark style=\"background-color:rgba(0, 0, 0, 0)\" class=\"has-inline-color has-ast-global-color-1-color\">+39 350 09 55 091<\/mark> <\/strong>OU M&rsquo;ECRIRE<strong> <mark style=\"background-color:rgba(0, 0, 0, 0)\" class=\"has-inline-color has-ast-global-color-1-color\">fede.pagn@gmail.com<\/mark><\/strong><\/p>\n<\/div>\n<\/div>\n","protected":false},"excerpt":{"rendered":"<p>Pour r\u00e9pondre au besoin d\u2019un acc\u00e8s rapide et facilit\u00e9, je propose notamment un soutien \u00e0 distance, parce que flexible d\u2019un point de vue logistique, pour ainsi assurer \u201cun petit coin de chez soi\u201d \u00e0 l\u2019\u00e9tranger partout o\u00f9 on -soit r\u00e9sidents ou plus simplement en d\u00e9placement. Dans tous les cas, que le choix se porte sur [&hellip;]<\/p>\n","protected":false},"author":1,"featured_media":0,"parent":0,"menu_order":0,"comment_status":"closed","ping_status":"closed","template":"","meta":{"site-sidebar-layout":"default","site-content-layout":"","ast-site-content-layout":"","site-content-style":"default","site-sidebar-style":"default","ast-global-header-display":"","ast-banner-title-visibility":"","ast-main-header-display":"","ast-hfb-above-header-display":"","ast-hfb-below-header-display":"","ast-hfb-mobile-header-display":"","site-post-title":"","ast-breadcrumbs-content":"","ast-featured-img":"","footer-sml-layout":"","theme-transparent-header-meta":"","adv-header-id-meta":"","stick-header-meta":"","header-above-stick-meta":"","header-main-stick-meta":"","header-below-stick-meta":"","astra-migrate-meta-layouts":"default","ast-page-background-enabled":"default","ast-page-background-meta":{"desktop":{"background-color":"","background-image":"","background-repeat":"repeat","background-position":"center center","background-size":"auto","background-attachment":"scroll","background-type":"","background-media":"","overlay-type":"","overlay-color":"","overlay-gradient":""},"tablet":{"background-color":"","background-image":"","background-repeat":"repeat","background-position":"center center","background-size":"auto","background-attachment":"scroll","background-type":"","background-media":"","overlay-type":"","overlay-color":"","overlay-gradient":""},"mobile":{"background-color":"","background-image":"","background-repeat":"repeat","background-position":"center center","background-size":"auto","background-attachment":"scroll","background-type":"","background-media":"","overlay-type":"","overlay-color":"","overlay-gradient":""}},"ast-content-background-meta":{"desktop":{"background-color":"var(--ast-global-color-5)","background-image":"","background-repeat":"repeat","background-position":"center center","background-size":"auto","background-attachment":"scroll","background-type":"","background-media":"","overlay-type":"","overlay-color":"","overlay-gradient":""},"tablet":{"background-color":"var(--ast-global-color-5)","background-image":"","background-repeat":"repeat","background-position":"center center","background-size":"auto","background-attachment":"scroll","background-type":"","background-media":"","overlay-type":"","overlay-color":"","overlay-gradient":""},"mobile":{"background-color":"var(--ast-global-color-5)","background-image":"","background-repeat":"repeat","background-position":"center center","background-size":"auto","background-attachment":"scroll","background-type":"","background-media":"","overlay-type":"","overlay-color":"","overlay-gradient":""}},"footnotes":""},"class_list":["post-1983","page","type-page","status-publish","hentry"],"_links":{"self":[{"href":"https:\/\/federicapagnoni.it\/index.php\/wp-json\/wp\/v2\/pages\/1983","targetHints":{"allow":["GET"]}}],"collection":[{"href":"https:\/\/federicapagnoni.it\/index.php\/wp-json\/wp\/v2\/pages"}],"about":[{"href":"https:\/\/federicapagnoni.it\/index.php\/wp-json\/wp\/v2\/types\/page"}],"author":[{"embeddable":true,"href":"https:\/\/federicapagnoni.it\/index.php\/wp-json\/wp\/v2\/users\/1"}],"replies":[{"embeddable":true,"href":"https:\/\/federicapagnoni.it\/index.php\/wp-json\/wp\/v2\/comments?post=1983"}],"version-history":[{"count":11,"href":"https:\/\/federicapagnoni.it\/index.php\/wp-json\/wp\/v2\/pages\/1983\/revisions"}],"predecessor-version":[{"id":3081,"href":"https:\/\/federicapagnoni.it\/index.php\/wp-json\/wp\/v2\/pages\/1983\/revisions\/3081"}],"wp:attachment":[{"href":"https:\/\/federicapagnoni.it\/index.php\/wp-json\/wp\/v2\/media?parent=1983"}],"curies":[{"name":"wp","href":"https:\/\/api.w.org\/{rel}","templated":true}]}}