{"id":1995,"date":"2022-04-01T15:45:43","date_gmt":"2022-04-01T13:45:43","guid":{"rendered":"https:\/\/federicapagnoni.it\/?page_id=1995"},"modified":"2022-05-07T17:22:32","modified_gmt":"2022-05-07T15:22:32","slug":"consulenze-individuali","status":"publish","type":"page","link":"https:\/\/federicapagnoni.it\/index.php\/fr\/consulenze-individuali\/","title":{"rendered":"En consultation"},"content":{"rendered":"\n<div class=\"wp-block-group alignfull has-ast-global-color-5-background-color has-background is-layout-flow wp-block-group-is-layout-flow\">\n<div class=\"wp-block-cover aligncenter is-light has-parallax\" style=\"background-image:url(http:\/\/federicapagnoni.it\/wp-content\/uploads\/2022\/04\/famiglia-e-individui--scaled-e1650722457108.jpg);min-height:400px;aspect-ratio:unset;\"><span aria-hidden=\"true\" class=\"has-background-dim-0 wp-block-cover__gradient-background has-background-dim\"><\/span><div class=\"wp-block-cover__inner-container is-layout-flow wp-block-cover-is-layout-flow\">\n<p class=\"has-text-align-center has-large-font-size\"><\/p>\n<\/div><\/div>\n\n\n\n<p>Les consultations individuelles sont les plus couramment demand\u00e9es et plus que toutes les autres, elles permettent au patient de b\u00e9n\u00e9ficier d\u2019un espace qui lui est exclusivement d\u00e9di\u00e9, en \u00e9tant l\u2019objet d\u2019une attention compl\u00e8te de la part du professionnel.<\/p>\n\n\n\n<p>La relation th\u00e9rapeutique \u00e0 deux, propre \u00e0 ce dispositif, est particuli\u00e8rement utile pour faire observer et analyser les m\u00e9canismes psychiques sous-jacents qui guident la mise en place, souvent automatis\u00e9e, des relations.<\/p>\n\n\n\n<p>L\u2019objectif d\u2019un parcours psychologique \u00e0 deux est celui de remonter \u00e0 la source en analysant les exp\u00e9riences qui ont forg\u00e9 ses propres croyances&nbsp;: sur soi et les autres, la mani\u00e8re de concevoir le monde, les relations familiales, amicales et amoureuses.<\/p>\n\n\n\n<p>Seulement avec ce travail de d\u00e9tricotage, le patient sera \u00e0 m\u00eame de pr\u00e9venir, comprendre, trouver des alternatives convenables \u00e0 son fonctionnement et pertinentes face aux difficult\u00e9s de la vie.<\/p>\n\n\n\n<p>Il est utile d\u2019indiquer que le choix des instruments cliniques est arr\u00eat\u00e9 apr\u00e8s une attente \u00e9valuation de l\u2019\u00e2ge, du contexte familial, de la situation scolaire ou professionnelle.<\/p>\n<\/div>\n\n\n\n<div class=\"wp-block-columns is-layout-flex wp-container-core-columns-is-layout-28f84493 wp-block-columns-is-layout-flex\">\n<div class=\"wp-block-column is-layout-flow wp-block-column-is-layout-flow\">\n<p class=\"has-text-align-center has-ast-global-color-5-color has-text-color has-background\" style=\"background-color:#2c1b56;font-size:28px\"><strong>ME CONTACTER<\/strong><\/p>\n\n\n\n<p class=\"has-text-align-center has-ast-global-color-6-color has-ast-global-color-5-background-color has-text-color has-background\">POUR TOUT RENSEIGNEMENT, QUESTIONS ET PRISES DE RENDEZ-VOUS, VEUILLEZ ME CONTACTER <br>AU<strong> <mark style=\"background-color:rgba(0, 0, 0, 0)\" class=\"has-inline-color has-ast-global-color-1-color\">+39 350 09 55 091<\/mark> <\/strong>OU M&rsquo;ECRIRE<strong> <mark style=\"background-color:rgba(0, 0, 0, 0)\" class=\"has-inline-color has-ast-global-color-1-color\">fede.pagn@gmail.com<\/mark><\/strong><\/p>\n<\/div>\n<\/div>\n","protected":false},"excerpt":{"rendered":"<p>Les consultations individuelles sont les plus couramment demand\u00e9es et plus que toutes les autres, elles permettent au patient de b\u00e9n\u00e9ficier d\u2019un espace qui lui est exclusivement d\u00e9di\u00e9, en \u00e9tant l\u2019objet d\u2019une attention compl\u00e8te de la part du professionnel. La relation th\u00e9rapeutique \u00e0 deux, propre \u00e0 ce dispositif, est particuli\u00e8rement utile pour faire observer et analyser [&hellip;]<\/p>\n","protected":false},"author":1,"featured_media":0,"parent":0,"menu_order":0,"comment_status":"closed","ping_status":"closed","template":"","meta":{"site-sidebar-layout":"default","site-content-layout":"","ast-site-content-layout":"","site-content-style":"default","site-sidebar-style":"default","ast-global-header-display":"","ast-banner-title-visibility":"","ast-main-header-display":"","ast-hfb-above-header-display":"","ast-hfb-below-header-display":"","ast-hfb-mobile-header-display":"","site-post-title":"","ast-breadcrumbs-content":"","ast-featured-img":"","footer-sml-layout":"","theme-transparent-header-meta":"","adv-header-id-meta":"","stick-header-meta":"","header-above-stick-meta":"","header-main-stick-meta":"","header-below-stick-meta":"","astra-migrate-meta-layouts":"default","ast-page-background-enabled":"default","ast-page-background-meta":{"desktop":{"background-color":"","background-image":"","background-repeat":"repeat","background-position":"center center","background-size":"auto","background-attachment":"scroll","background-type":"","background-media":"","overlay-type":"","overlay-color":"","overlay-gradient":""},"tablet":{"background-color":"","background-image":"","background-repeat":"repeat","background-position":"center center","background-size":"auto","background-attachment":"scroll","background-type":"","background-media":"","overlay-type":"","overlay-color":"","overlay-gradient":""},"mobile":{"background-color":"","background-image":"","background-repeat":"repeat","background-position":"center center","background-size":"auto","background-attachment":"scroll","background-type":"","background-media":"","overlay-type":"","overlay-color":"","overlay-gradient":""}},"ast-content-background-meta":{"desktop":{"background-color":"var(--ast-global-color-5)","background-image":"","background-repeat":"repeat","background-position":"center center","background-size":"auto","background-attachment":"scroll","background-type":"","background-media":"","overlay-type":"","overlay-color":"","overlay-gradient":""},"tablet":{"background-color":"var(--ast-global-color-5)","background-image":"","background-repeat":"repeat","background-position":"center center","background-size":"auto","background-attachment":"scroll","background-type":"","background-media":"","overlay-type":"","overlay-color":"","overlay-gradient":""},"mobile":{"background-color":"var(--ast-global-color-5)","background-image":"","background-repeat":"repeat","background-position":"center center","background-size":"auto","background-attachment":"scroll","background-type":"","background-media":"","overlay-type":"","overlay-color":"","overlay-gradient":""}},"footnotes":""},"class_list":["post-1995","page","type-page","status-publish","hentry"],"_links":{"self":[{"href":"https:\/\/federicapagnoni.it\/index.php\/wp-json\/wp\/v2\/pages\/1995","targetHints":{"allow":["GET"]}}],"collection":[{"href":"https:\/\/federicapagnoni.it\/index.php\/wp-json\/wp\/v2\/pages"}],"about":[{"href":"https:\/\/federicapagnoni.it\/index.php\/wp-json\/wp\/v2\/types\/page"}],"author":[{"embeddable":true,"href":"https:\/\/federicapagnoni.it\/index.php\/wp-json\/wp\/v2\/users\/1"}],"replies":[{"embeddable":true,"href":"https:\/\/federicapagnoni.it\/index.php\/wp-json\/wp\/v2\/comments?post=1995"}],"version-history":[{"count":14,"href":"https:\/\/federicapagnoni.it\/index.php\/wp-json\/wp\/v2\/pages\/1995\/revisions"}],"predecessor-version":[{"id":3077,"href":"https:\/\/federicapagnoni.it\/index.php\/wp-json\/wp\/v2\/pages\/1995\/revisions\/3077"}],"wp:attachment":[{"href":"https:\/\/federicapagnoni.it\/index.php\/wp-json\/wp\/v2\/media?parent=1995"}],"curies":[{"name":"wp","href":"https:\/\/api.w.org\/{rel}","templated":true}]}}