{"id":2,"date":"2022-03-05T17:42:55","date_gmt":"2022-03-05T16:42:55","guid":{"rendered":"https:\/\/federicapagnoni.it\/?page_id=2"},"modified":"2022-05-07T17:03:17","modified_gmt":"2022-05-07T15:03:17","slug":"page-d-exemple","status":"publish","type":"page","link":"https:\/\/federicapagnoni.it\/index.php\/page-d-exemple\/","title":{"rendered":"Il lavoro in gruppo"},"content":{"rendered":"\n<div class=\"wp-block-group alignfull has-ast-global-color-5-background-color has-background is-layout-flow wp-block-group-is-layout-flow\">\n<div class=\"wp-block-cover aligncenter is-light has-parallax\" style=\"background-image:url(http:\/\/federicapagnoni.it\/wp-content\/uploads\/2022\/04\/In-gruppo--scaled.jpg);min-height:400px;aspect-ratio:unset;\"><span aria-hidden=\"true\" class=\"has-background-dim-10 wp-block-cover__gradient-background has-background-dim\"><\/span><div class=\"wp-block-cover__inner-container is-layout-flow wp-block-cover-is-layout-flow\">\n<p class=\"has-text-align-center has-large-font-size\"><\/p>\n<\/div><\/div>\n\n\n\n<div class=\"wp-block-group alignfull is-layout-flow wp-block-group-is-layout-flow\">\n<h3 class=\"wp-block-heading\">Il gruppo : un altro approccio al servizio di ognuno<\/h3>\n<\/div>\n\n\n\n<p>Il dispositivo di gruppo pu\u00f2 avere diverse vocazioni&nbsp;: terapeutico, esperienziale, pedagogico.<\/p>\n\n\n\n<p>Il gruppo \u00e8 un luogo per sperimentare le nostre capacit\u00e0 comunicative, di ascolto e di empatia. Il gruppo \u00e8 un luogo rassicurante perch\u00e9 ci si accorge di non esser soli nella propria esperienza. Il gruppo permette di identificarci e arricchirci reciprocamente.<\/p>\n\n\n\n<p>Ad oggi, concepisco e organizzo sessioni di gruppi multi-tematici in linea con le necessit\u00e0 dell\u2019utenza in questione.<\/p>\n\n\n\n<p>Poich\u00e9 la psicologia \u00e8 passione e vocazione, organizzo gruppi informali e gratuiti, aperti a tutti, allo scopo di divulgare in maniera semplice e accessibile alcuni precetti utili nell\u2019affrontare le difficolt\u00e0 del quotidiano.<\/p>\n\n\n\n<p>Considero i gruppi importanti per abbattere i blocchi di ogni individuo, infondere fiducia negli altri e nella ricchezza di una socialit\u00e0, sempre fonte di ispirazione.<\/p>\n\n\n\n<p>Alcuni esempi di gruppi a scopo pedagogico per un\u2019utenza scolastica:<\/p>\n\n\n\n<ul class=\"wp-block-list\"><li>I nuovi equilibri ai tempi del covid<\/li><li>Il ruolo degli schermi nello sviluppo personale e sociale di giovani adolescenti<\/li><li>Il cyber bullismo<\/li><\/ul>\n\n\n\n<p>Alcuni esempi di gruppi psicoeducativi per un\u2019utenza di genitori :<\/p>\n\n\n\n<ul class=\"wp-block-list\"><li>Il sonno<\/li><li>L\u2019alimentazione<\/li><li>Il gioco<\/li><li>L\u2019educazione e i limiti<\/li><\/ul>\n\n\n\n<p>Alcuni esempi di gruppi esperienziali per il grande pubblico:<\/p>\n\n\n\n<ul class=\"wp-block-list\"><li>Da una socialit\u00e0 a distanza al rientro in societ\u00e0<\/li><li>Le nuove forme di malessere : stress, burn out e bored out<\/li><li>Gestire le relazioni con manager e colleghi<\/li><\/ul>\n<\/div>\n\n\n\n<div class=\"wp-block-columns is-layout-flex wp-container-core-columns-is-layout-28f84493 wp-block-columns-is-layout-flex\">\n<div class=\"wp-block-column is-layout-flow wp-block-column-is-layout-flow\">\n<p class=\"has-text-align-center has-ast-global-color-5-color has-text-color has-background\" style=\"background-color:#2c1b56;font-size:28px\"><strong>CONTATTI<\/strong><\/p>\n\n\n\n<p class=\"has-text-align-center has-ast-global-color-6-color has-ast-global-color-5-background-color has-text-color has-background\">PER MAGGIORI INFORMAZIONI, DOMANDE E APPUNTAMENTI, CONTATTARMI <br>AL<strong> <strong><mark><mark style=\"background-color:rgba(0, 0, 0, 0)\" class=\"has-inline-color has-ast-global-color-1-color\">350 09 55 091<\/mark><\/mark><\/strong> <\/strong>O SCRIVERMI <strong><mark style=\"background-color:rgba(0, 0, 0, 0)\" class=\"has-inline-color has-ast-global-color-1-color\">fede.pagn@gmail.com<\/mark><\/strong><\/p>\n<\/div>\n<\/div>\n","protected":false},"excerpt":{"rendered":"<p>Il gruppo : un altro approccio al servizio di ognuno Il dispositivo di gruppo pu\u00f2 avere diverse vocazioni&nbsp;: terapeutico, esperienziale, pedagogico. Il gruppo \u00e8 un luogo per sperimentare le nostre capacit\u00e0 comunicative, di ascolto e di empatia. Il gruppo \u00e8 un luogo rassicurante perch\u00e9 ci si accorge di non esser soli nella propria esperienza. Il [&hellip;]<\/p>\n","protected":false},"author":1,"featured_media":0,"parent":0,"menu_order":0,"comment_status":"closed","ping_status":"open","template":"","meta":{"site-sidebar-layout":"default","site-content-layout":"","ast-site-content-layout":"","site-content-style":"default","site-sidebar-style":"default","ast-global-header-display":"","ast-banner-title-visibility":"","ast-main-header-display":"","ast-hfb-above-header-display":"","ast-hfb-below-header-display":"","ast-hfb-mobile-header-display":"","site-post-title":"","ast-breadcrumbs-content":"","ast-featured-img":"","footer-sml-layout":"","theme-transparent-header-meta":"","adv-header-id-meta":"","stick-header-meta":"","header-above-stick-meta":"","header-main-stick-meta":"","header-below-stick-meta":"","astra-migrate-meta-layouts":"default","ast-page-background-enabled":"default","ast-page-background-meta":{"desktop":{"background-color":"","background-image":"","background-repeat":"repeat","background-position":"center center","background-size":"auto","background-attachment":"scroll","background-type":"","background-media":"","overlay-type":"","overlay-color":"","overlay-gradient":""},"tablet":{"background-color":"","background-image":"","background-repeat":"repeat","background-position":"center center","background-size":"auto","background-attachment":"scroll","background-type":"","background-media":"","overlay-type":"","overlay-color":"","overlay-gradient":""},"mobile":{"background-color":"","background-image":"","background-repeat":"repeat","background-position":"center center","background-size":"auto","background-attachment":"scroll","background-type":"","background-media":"","overlay-type":"","overlay-color":"","overlay-gradient":""}},"ast-content-background-meta":{"desktop":{"background-color":"var(--ast-global-color-5)","background-image":"","background-repeat":"repeat","background-position":"center center","background-size":"auto","background-attachment":"scroll","background-type":"","background-media":"","overlay-type":"","overlay-color":"","overlay-gradient":""},"tablet":{"background-color":"var(--ast-global-color-5)","background-image":"","background-repeat":"repeat","background-position":"center center","background-size":"auto","background-attachment":"scroll","background-type":"","background-media":"","overlay-type":"","overlay-color":"","overlay-gradient":""},"mobile":{"background-color":"var(--ast-global-color-5)","background-image":"","background-repeat":"repeat","background-position":"center center","background-size":"auto","background-attachment":"scroll","background-type":"","background-media":"","overlay-type":"","overlay-color":"","overlay-gradient":""}},"footnotes":""},"class_list":["post-2","page","type-page","status-publish","hentry"],"_links":{"self":[{"href":"https:\/\/federicapagnoni.it\/index.php\/wp-json\/wp\/v2\/pages\/2","targetHints":{"allow":["GET"]}}],"collection":[{"href":"https:\/\/federicapagnoni.it\/index.php\/wp-json\/wp\/v2\/pages"}],"about":[{"href":"https:\/\/federicapagnoni.it\/index.php\/wp-json\/wp\/v2\/types\/page"}],"author":[{"embeddable":true,"href":"https:\/\/federicapagnoni.it\/index.php\/wp-json\/wp\/v2\/users\/1"}],"replies":[{"embeddable":true,"href":"https:\/\/federicapagnoni.it\/index.php\/wp-json\/wp\/v2\/comments?post=2"}],"version-history":[{"count":16,"href":"https:\/\/federicapagnoni.it\/index.php\/wp-json\/wp\/v2\/pages\/2\/revisions"}],"predecessor-version":[{"id":3050,"href":"https:\/\/federicapagnoni.it\/index.php\/wp-json\/wp\/v2\/pages\/2\/revisions\/3050"}],"wp:attachment":[{"href":"https:\/\/federicapagnoni.it\/index.php\/wp-json\/wp\/v2\/media?parent=2"}],"curies":[{"name":"wp","href":"https:\/\/api.w.org\/{rel}","templated":true}]}}