{"id":2002,"date":"2022-04-01T15:48:38","date_gmt":"2022-04-01T13:48:38","guid":{"rendered":"https:\/\/federicapagnoni.it\/?page_id=2002"},"modified":"2022-05-07T17:21:46","modified_gmt":"2022-05-07T15:21:46","slug":"en-presentiel-a-distance-2","status":"publish","type":"page","link":"https:\/\/federicapagnoni.it\/index.php\/fr\/en-presentiel-a-distance-2\/","title":{"rendered":"A distance | En pr\u00e9sentiel"},"content":{"rendered":"\n<div class=\"wp-block-group alignfull has-ast-global-color-5-background-color has-background is-layout-flow wp-block-group-is-layout-flow\">\n<div class=\"wp-block-cover aligncenter is-light has-parallax\" style=\"background-image:url(http:\/\/federicapagnoni.it\/wp-content\/uploads\/2022\/04\/coffee-phone-paper-792113.jpg);min-height:400px;aspect-ratio:unset;\"><span aria-hidden=\"true\" class=\"has-background-dim-10 wp-block-cover__gradient-background has-background-dim\"><\/span><div class=\"wp-block-cover__inner-container is-layout-flow wp-block-cover-is-layout-flow\">\n<p class=\"has-text-align-center has-large-font-size\"><\/p>\n<\/div><\/div>\n\n\n\n<p>La psychologie aussi va de l\u2019avant et se met au pas avec la modernit\u00e9 de l\u2019on-line.<\/p>\n\n\n\n<p>Les consultations \u00e0 distance assurent un plus de flexibilit\u00e9 horaire et g\u00e9ographique pour le patient qui n\u2019est plus contraint et peut \u00eatre libre de chercher partout dans le monde LE professionnel qui lui convient le mieux.<\/p>\n\n\n\n<p>Le dispositif en ligne doit toutefois convenir aussi \u00e0 la personnalit\u00e9 du patient, il est donc important de porter une attention majeure sur son ressentiment lors du premier rendez-vous.<\/p>\n\n\n\n<p>Il est n\u00e9cessaire aussi d\u2019am\u00e9nager des conditions id\u00e9ales \u00e0 cette pratique&nbsp;: une pi\u00e8ce au calme, o\u00f9 l\u2019on sait de ne pas \u00eatre \u00e9cout\u00e9s ou interrompus avec une bonne connexion internet.<\/p>\n\n\n\n<p>Un suivi \u00e0 distance n\u2019est donc pas un accompagnement moins qualitatif, rien ne change \u00e0 :<\/p>\n\n\n\n<ul class=\"wp-block-list\"><li>L\u2019engagement pris avec le professionnel,<\/li><li>L\u2019investissement du psychologue lors des s\u00e9ances et son travail pour le patient en dehors de celles-ci,<\/li><li>La qualit\u00e9 de la prise en charge, la fr\u00e9quence et le respect du temps de s\u00e9ance.<\/li><\/ul>\n\n\n\n<p>Pour ce qui en est du dispositif en pr\u00e9sentiel, il reste avantageux pour&nbsp;:<\/p>\n\n\n\n<ul class=\"wp-block-list\"><li>Avoir une impression plus rapidement authentique du psychologue,<\/li><li>Percevoir de mani\u00e8re plus marqu\u00e9e, dans les moments de d\u00e9tresse, la chaleur de la pr\u00e9sence humaine,<\/li><li>Employer des techniques de m\u00e9diation qui r\u00e9sident dans l\u2019\u00e9change concret d\u2019outils supports au processus d\u2019associativit\u00e9.<\/li><\/ul>\n\n\n\n<p>Dans les deux cas, il est essentiel de pr\u00e9ciser qu\u2019il faut savoir trouver le temps pour soi, pour s\u2019\u00e9couter en se d\u00e9barrassant temporairement de nos engagements de vie.<\/p>\n\n\n\n<p>L\u2019accompagnement en psychologie, c\u2019est comprendre et murir pour mieux retrouver notre quotidien dans l\u2019apr\u00e8s.<\/p>\n<\/div>\n\n\n\n<div class=\"wp-block-columns is-layout-flex wp-container-core-columns-is-layout-28f84493 wp-block-columns-is-layout-flex\">\n<div class=\"wp-block-column is-layout-flow wp-block-column-is-layout-flow\">\n<p class=\"has-text-align-center has-ast-global-color-5-color has-text-color has-background\" style=\"background-color:#2c1b56;font-size:28px\"><strong>ME CONTACTER<\/strong><\/p>\n\n\n\n<p class=\"has-text-align-center has-ast-global-color-6-color has-ast-global-color-5-background-color has-text-color has-background\">POUR TOUT RENSEIGNEMENT, QUESTIONS ET PRISES DE RENDEZ-VOUS, VEUILLEZ ME CONTACTER <br>AU<strong> <mark style=\"background-color:rgba(0, 0, 0, 0)\" class=\"has-inline-color has-ast-global-color-1-color\">+39 350 09 55 091<\/mark> <\/strong>OU M&rsquo;ECRIRE<strong> <mark style=\"background-color:rgba(0, 0, 0, 0)\" class=\"has-inline-color has-ast-global-color-1-color\">fede.pagn@gmail.com<\/mark><\/strong><\/p>\n<\/div>\n<\/div>\n","protected":false},"excerpt":{"rendered":"<p>La psychologie aussi va de l\u2019avant et se met au pas avec la modernit\u00e9 de l\u2019on-line. Les consultations \u00e0 distance assurent un plus de flexibilit\u00e9 horaire et g\u00e9ographique pour le patient qui n\u2019est plus contraint et peut \u00eatre libre de chercher partout dans le monde LE professionnel qui lui convient le mieux. Le dispositif en [&hellip;]<\/p>\n","protected":false},"author":1,"featured_media":0,"parent":0,"menu_order":0,"comment_status":"closed","ping_status":"closed","template":"","meta":{"site-sidebar-layout":"default","site-content-layout":"","ast-site-content-layout":"","site-content-style":"default","site-sidebar-style":"default","ast-global-header-display":"","ast-banner-title-visibility":"","ast-main-header-display":"","ast-hfb-above-header-display":"","ast-hfb-below-header-display":"","ast-hfb-mobile-header-display":"","site-post-title":"","ast-breadcrumbs-content":"","ast-featured-img":"","footer-sml-layout":"","theme-transparent-header-meta":"","adv-header-id-meta":"","stick-header-meta":"","header-above-stick-meta":"","header-main-stick-meta":"","header-below-stick-meta":"","astra-migrate-meta-layouts":"default","ast-page-background-enabled":"default","ast-page-background-meta":{"desktop":{"background-color":"","background-image":"","background-repeat":"repeat","background-position":"center center","background-size":"auto","background-attachment":"scroll","background-type":"","background-media":"","overlay-type":"","overlay-color":"","overlay-gradient":""},"tablet":{"background-color":"","background-image":"","background-repeat":"repeat","background-position":"center center","background-size":"auto","background-attachment":"scroll","background-type":"","background-media":"","overlay-type":"","overlay-color":"","overlay-gradient":""},"mobile":{"background-color":"","background-image":"","background-repeat":"repeat","background-position":"center center","background-size":"auto","background-attachment":"scroll","background-type":"","background-media":"","overlay-type":"","overlay-color":"","overlay-gradient":""}},"ast-content-background-meta":{"desktop":{"background-color":"var(--ast-global-color-5)","background-image":"","background-repeat":"repeat","background-position":"center center","background-size":"auto","background-attachment":"scroll","background-type":"","background-media":"","overlay-type":"","overlay-color":"","overlay-gradient":""},"tablet":{"background-color":"var(--ast-global-color-5)","background-image":"","background-repeat":"repeat","background-position":"center center","background-size":"auto","background-attachment":"scroll","background-type":"","background-media":"","overlay-type":"","overlay-color":"","overlay-gradient":""},"mobile":{"background-color":"var(--ast-global-color-5)","background-image":"","background-repeat":"repeat","background-position":"center center","background-size":"auto","background-attachment":"scroll","background-type":"","background-media":"","overlay-type":"","overlay-color":"","overlay-gradient":""}},"footnotes":""},"class_list":["post-2002","page","type-page","status-publish","hentry"],"_links":{"self":[{"href":"https:\/\/federicapagnoni.it\/index.php\/wp-json\/wp\/v2\/pages\/2002","targetHints":{"allow":["GET"]}}],"collection":[{"href":"https:\/\/federicapagnoni.it\/index.php\/wp-json\/wp\/v2\/pages"}],"about":[{"href":"https:\/\/federicapagnoni.it\/index.php\/wp-json\/wp\/v2\/types\/page"}],"author":[{"embeddable":true,"href":"https:\/\/federicapagnoni.it\/index.php\/wp-json\/wp\/v2\/users\/1"}],"replies":[{"embeddable":true,"href":"https:\/\/federicapagnoni.it\/index.php\/wp-json\/wp\/v2\/comments?post=2002"}],"version-history":[{"count":14,"href":"https:\/\/federicapagnoni.it\/index.php\/wp-json\/wp\/v2\/pages\/2002\/revisions"}],"predecessor-version":[{"id":3075,"href":"https:\/\/federicapagnoni.it\/index.php\/wp-json\/wp\/v2\/pages\/2002\/revisions\/3075"}],"wp:attachment":[{"href":"https:\/\/federicapagnoni.it\/index.php\/wp-json\/wp\/v2\/media?parent=2002"}],"curies":[{"name":"wp","href":"https:\/\/api.w.org\/{rel}","templated":true}]}}