{"id":2017,"date":"2022-04-01T15:55:55","date_gmt":"2022-04-01T13:55:55","guid":{"rendered":"https:\/\/federicapagnoni.it\/?page_id=2017"},"modified":"2022-05-07T17:22:54","modified_gmt":"2022-05-07T15:22:54","slug":"le-travail-de-groupe","status":"publish","type":"page","link":"https:\/\/federicapagnoni.it\/index.php\/fr\/le-travail-de-groupe\/","title":{"rendered":"Le travail en groupe"},"content":{"rendered":"\n<div class=\"wp-block-group alignfull has-ast-global-color-5-background-color has-background is-layout-flow wp-block-group-is-layout-flow\">\n<div class=\"wp-block-cover aligncenter is-light has-parallax\" style=\"background-image:url(http:\/\/federicapagnoni.it\/wp-content\/uploads\/2022\/04\/In-gruppo--scaled.jpg);min-height:400px;aspect-ratio:unset;\"><span aria-hidden=\"true\" class=\"has-background-dim-10 wp-block-cover__gradient-background has-background-dim\"><\/span><div class=\"wp-block-cover__inner-container is-layout-flow wp-block-cover-is-layout-flow\">\n<p class=\"has-text-align-center has-large-font-size\"><\/p>\n<\/div><\/div>\n\n\n\n<div class=\"wp-block-group alignfull is-layout-flow wp-block-group-is-layout-flow\">\n<h3 class=\"wp-block-heading\">Un dispositif suppl\u00e9mentaire au service de tous<\/h3>\n\n\n\n<p>Le groupe est un dispositif qui se pr\u00eate \u00e0 exp\u00e9rimenter nos capacit\u00e9s de communication, d\u2019\u00e9coute et d\u2019empathie. Le groupe peut \u00eatre un lieu de r\u00e9assurance&nbsp;: nous ne sommes pas seuls dans notre v\u00e9cu.<\/p>\n\n\n\n<p>Le groupe est un dispositif qui est propice \u00e0 l\u2019identification et au d\u00e9veloppement personnel et r\u00e9ciproque.<\/p>\n\n\n\n<p><strong>Concr\u00e8tement <\/strong>:<\/p>\n\n\n\n<p>Je con\u00e7ois et mets en place des groupes \u00e0 th\u00e9matiques vari\u00e9es, en ligne avec les besoins des patients.<\/p>\n\n\n\n<p>J\u2019organise r\u00e9guli\u00e8rement des groupes informels et gratuits, ouverts \u00e0 tous, avec l\u2019objectif de divulguer, de mani\u00e8re simple et accessible, des principes utiles aux difficult\u00e9s du quotidien.<\/p>\n\n\n\n<p>Je consid\u00e8re le groupe comme un moyen pour d\u00e9construire nos blocages, influer une nouvelle confiance en autrui et dans ce que la socialit\u00e9 peut nous apporter de plus enrichissant.<\/p>\n\n\n\n<p>Voici donc quelques exemples de groupes p\u00e9dagogiques con\u00e7us pour les \u00e9tudiants&nbsp;:<\/p>\n\n\n\n<ul class=\"wp-block-list\"><li>Les nouveaux \u00e9quilibres aux temps de la COVID-19,<\/li><li>L\u2019impact des \u00e9crans dans le d\u00e9veloppement personnel et social de nos adolescents,<\/li><li>Le cyber harc\u00e8lement.<\/li><\/ul>\n\n\n\n<p>Quelques autres exemples de groupes psycho\u00e9ducatifs pr\u00e9sent\u00e9s aux parents et aux futurs parents&nbsp;:<\/p>\n\n\n\n<ul class=\"wp-block-list\"><li>Le sommeil,<\/li><li>L\u2019alimentation,<\/li><li>Le jeu,<\/li><li>L\u2019\u00e9ducation et les limites.<\/li><\/ul>\n\n\n\n<p>Enfin quelques exemples de groupe exp\u00e9rientiel \u00e0 destination du grand public&nbsp;:<\/p>\n\n\n\n<ul class=\"wp-block-list\"><li>D\u2019une socialit\u00e9 \u00e0 distance \u00e0 la rentr\u00e9e en soci\u00e9t\u00e9<\/li><li>Les nouvelles formes de mal \u00eatre&nbsp;: stress, burned out, bored out<\/li><li>G\u00e9rer les relations avec nos chefs et coll\u00e8gues.<\/li><\/ul>\n<\/div>\n\n\n\n<p><\/p>\n<\/div>\n\n\n\n<div class=\"wp-block-columns is-layout-flex wp-container-core-columns-is-layout-28f84493 wp-block-columns-is-layout-flex\">\n<div class=\"wp-block-column is-layout-flow wp-block-column-is-layout-flow\">\n<p class=\"has-text-align-center has-ast-global-color-5-color has-text-color has-background\" style=\"background-color:#2c1b56;font-size:28px\"><strong>ME CONTACTER<\/strong><\/p>\n\n\n\n<p class=\"has-text-align-center has-ast-global-color-6-color has-ast-global-color-5-background-color has-text-color has-background\">POUR TOUT RENSEIGNEMENT, QUESTIONS ET PRISES DE RENDEZ-VOUS, VEUILLEZ ME CONTACTER <br>AU<strong> <mark style=\"background-color:rgba(0, 0, 0, 0)\" class=\"has-inline-color has-ast-global-color-1-color\">+39 350 09 55 091<\/mark> <\/strong>OU M&rsquo;ECRIRE<strong> <mark style=\"background-color:rgba(0, 0, 0, 0)\" class=\"has-inline-color has-ast-global-color-1-color\">fede.pagn@gmail.com<\/mark><\/strong><\/p>\n<\/div>\n<\/div>\n","protected":false},"excerpt":{"rendered":"<p>Un dispositif suppl\u00e9mentaire au service de tous Le groupe est un dispositif qui se pr\u00eate \u00e0 exp\u00e9rimenter nos capacit\u00e9s de communication, d\u2019\u00e9coute et d\u2019empathie. Le groupe peut \u00eatre un lieu de r\u00e9assurance&nbsp;: nous ne sommes pas seuls dans notre v\u00e9cu. Le groupe est un dispositif qui est propice \u00e0 l\u2019identification et au d\u00e9veloppement personnel et [&hellip;]<\/p>\n","protected":false},"author":1,"featured_media":0,"parent":0,"menu_order":0,"comment_status":"closed","ping_status":"open","template":"","meta":{"site-sidebar-layout":"default","site-content-layout":"","ast-site-content-layout":"","site-content-style":"default","site-sidebar-style":"default","ast-global-header-display":"","ast-banner-title-visibility":"","ast-main-header-display":"","ast-hfb-above-header-display":"","ast-hfb-below-header-display":"","ast-hfb-mobile-header-display":"","site-post-title":"","ast-breadcrumbs-content":"","ast-featured-img":"","footer-sml-layout":"","theme-transparent-header-meta":"","adv-header-id-meta":"","stick-header-meta":"","header-above-stick-meta":"","header-main-stick-meta":"","header-below-stick-meta":"","astra-migrate-meta-layouts":"default","ast-page-background-enabled":"default","ast-page-background-meta":{"desktop":{"background-color":"","background-image":"","background-repeat":"repeat","background-position":"center center","background-size":"auto","background-attachment":"scroll","background-type":"","background-media":"","overlay-type":"","overlay-color":"","overlay-gradient":""},"tablet":{"background-color":"","background-image":"","background-repeat":"repeat","background-position":"center center","background-size":"auto","background-attachment":"scroll","background-type":"","background-media":"","overlay-type":"","overlay-color":"","overlay-gradient":""},"mobile":{"background-color":"","background-image":"","background-repeat":"repeat","background-position":"center center","background-size":"auto","background-attachment":"scroll","background-type":"","background-media":"","overlay-type":"","overlay-color":"","overlay-gradient":""}},"ast-content-background-meta":{"desktop":{"background-color":"var(--ast-global-color-5)","background-image":"","background-repeat":"repeat","background-position":"center center","background-size":"auto","background-attachment":"scroll","background-type":"","background-media":"","overlay-type":"","overlay-color":"","overlay-gradient":""},"tablet":{"background-color":"var(--ast-global-color-5)","background-image":"","background-repeat":"repeat","background-position":"center center","background-size":"auto","background-attachment":"scroll","background-type":"","background-media":"","overlay-type":"","overlay-color":"","overlay-gradient":""},"mobile":{"background-color":"var(--ast-global-color-5)","background-image":"","background-repeat":"repeat","background-position":"center center","background-size":"auto","background-attachment":"scroll","background-type":"","background-media":"","overlay-type":"","overlay-color":"","overlay-gradient":""}},"footnotes":""},"class_list":["post-2017","page","type-page","status-publish","hentry"],"_links":{"self":[{"href":"https:\/\/federicapagnoni.it\/index.php\/wp-json\/wp\/v2\/pages\/2017","targetHints":{"allow":["GET"]}}],"collection":[{"href":"https:\/\/federicapagnoni.it\/index.php\/wp-json\/wp\/v2\/pages"}],"about":[{"href":"https:\/\/federicapagnoni.it\/index.php\/wp-json\/wp\/v2\/types\/page"}],"author":[{"embeddable":true,"href":"https:\/\/federicapagnoni.it\/index.php\/wp-json\/wp\/v2\/users\/1"}],"replies":[{"embeddable":true,"href":"https:\/\/federicapagnoni.it\/index.php\/wp-json\/wp\/v2\/comments?post=2017"}],"version-history":[{"count":11,"href":"https:\/\/federicapagnoni.it\/index.php\/wp-json\/wp\/v2\/pages\/2017\/revisions"}],"predecessor-version":[{"id":3078,"href":"https:\/\/federicapagnoni.it\/index.php\/wp-json\/wp\/v2\/pages\/2017\/revisions\/3078"}],"wp:attachment":[{"href":"https:\/\/federicapagnoni.it\/index.php\/wp-json\/wp\/v2\/media?parent=2017"}],"curies":[{"name":"wp","href":"https:\/\/api.w.org\/{rel}","templated":true}]}}