{"id":2020,"date":"2022-04-01T15:56:54","date_gmt":"2022-04-01T13:56:54","guid":{"rendered":"https:\/\/federicapagnoni.it\/?page_id=2020"},"modified":"2022-05-07T17:19:56","modified_gmt":"2022-05-07T15:19:56","slug":"parcours-2","status":"publish","type":"page","link":"https:\/\/federicapagnoni.it\/index.php\/fr\/parcours-2\/","title":{"rendered":"Parcours"},"content":{"rendered":"\n<div class=\"wp-block-group alignfull has-ast-global-color-5-background-color has-background is-layout-flow wp-block-group-is-layout-flow\">\n<div class=\"wp-block-cover aligncenter is-light has-parallax\" style=\"background-image:url(http:\/\/federicapagnoni.it\/wp-content\/uploads\/2022\/04\/building-architecture-landmark-102840.jpg);min-height:400px;aspect-ratio:unset;\"><span aria-hidden=\"true\" class=\"has-background-dim-10 wp-block-cover__gradient-background has-background-dim\"><\/span><div class=\"wp-block-cover__inner-container is-layout-flow wp-block-cover-is-layout-flow\">\n<p class=\"has-text-align-center has-large-font-size\"><\/p>\n<\/div><\/div>\n\n\n\n<div class=\"wp-block-group alignfull is-layout-flow wp-block-group-is-layout-flow\">\n<h3 class=\"wp-block-heading\">Italienne bilingue<\/h3>\n\n\n\n<p>En 2008, j\u2019entreprends un parcours universitaire fran\u00e7ais pour b\u00e9n\u00e9ficier d\u2019une formation pratique et \u00e0 la fois tr\u00e8s riche dans le domaine de la psychologie.<\/p>\n\n\n\n<p>FORMEE A LA SORBONNE<\/p>\n\n\n\n<p>En 2014, j\u2019obtiens mon bac +5 en psychologie clinique et psychopathologie \u00e0 l\u2019Universit\u00e9 Paris Cit\u00e9 la Sorbonne, \u00e0 Paris, France.<\/p>\n\n\n\n<p>AVEC DES STAGES PRESTIGIEUX<\/p>\n\n\n\n<p>Quatre ann\u00e9es d\u2019exp\u00e9rience formative sur le terrain, dont deux pass\u00e9es dans des services hospitaliers de renomm\u00e9e : H\u00f4pital \u201cNecker, enfants malades\u201d, service de diagnostic des troubles du d\u00e9veloppement chez l\u2019enfant (usage de tests de niveau intellectuel et de personnalit\u00e9) et \u201cInstitut Mutualiste Montsouris\u201d, service de prise en charge d\u2019adolescents atteints de troubles de la personnalit\u00e9 et du comportement alimentaire.<\/p>\n\n\n\n<p>UNE EXPERIENCE VARIEE<\/p>\n\n\n\n<p>A partir de 2014, je commence ma pratique de clinicienne et psychoth\u00e9rapeute aupr\u00e8s de diverses institutions, et vais au contact des diff\u00e9rentes populations et contextes : accompagnement \u00e0 la parentalit\u00e9 et suivi du d\u00e9veloppement psycho-\u00e9motionnel de l\u2019enfant, soutien psychologique des jeunes mineurs plac\u00e9s en institution, cr\u00e9ation de parcours de r\u00e9insertion scolaire ou professionnelle pour des jeunes d\u00e9crocheurs.<\/p>\n\n\n\n<p>En m\u00eame temps, je d\u00e9veloppe mon activit\u00e9 clinique aupr\u00e8s d\u2019un public d\u2019adulte dans mon cabinet priv\u00e9.<\/p>\n\n\n\n<p>COMBLEE PAR DES INITIATIVES<\/p>\n\n\n\n<p>En 2016, dans la continuit\u00e9 de mes axes de sp\u00e9cialisations, je con\u00e7ois et promeus des groupes de parole, ouverts \u00e0 tous, en collaboration avec deux art-th\u00e9rapeutes. En parall\u00e8le, je choisi de m\u2019int\u00e9resser au champ de la trans-culturalit\u00e9 et du processus d\u2019expatriation.<\/p>\n\n\n\n<p>TOUJOURS D\u2019ACTUALITE<\/p>\n\n\n\n<p>De retour en Italie, je d\u00e9marre une nouvelle activit\u00e9 en lib\u00e9ral dans mon cabinet de Grottaferrata o\u00f9 j\u2019accueille un public d\u2019enfants, d\u2019adolescents et d\u2019adultes pour des suivis individuels ou en famille. En r\u00e9ponse \u00e0 une demande croissante, je propose d\u00e9sormais un accompagnement en ligne pour les italiens et les fran\u00e7ais r\u00e9sidents \u00e0 l\u2019\u00e9tranger ou dans l\u2019impossibilit\u00e9 de se rendre sur place.<\/p>\n\n\n\n<p>EN TERMES DE FORMATION AUSSI<\/p>\n\n\n\n<p>Egalement, je suis l\u2019auteur d\u2019articles sur le processus d\u2019expatriation et continue d\u2019\u00eatre \u00e0 l\u2019initiative de groupes psychop\u00e9dagogiques d\u2019accompagnement \u00e0 la parentalit\u00e9, de groupes de pr\u00e9vention en langue (italien, fran\u00e7ais et anglais) \u00e0 destination d\u2019\u00e9tudiants aupr\u00e8s d\u2019institutions scolaires internationales et de groupes d\u2019\u00e9change ouverts \u00e0 tous sur les th\u00e9matiques d\u2019actualit\u00e9.<\/p>\n<\/div>\n<\/div>\n\n\n\n<div class=\"wp-block-columns is-layout-flex wp-container-core-columns-is-layout-28f84493 wp-block-columns-is-layout-flex\">\n<div class=\"wp-block-column is-layout-flow wp-block-column-is-layout-flow\">\n<p class=\"has-text-align-center has-ast-global-color-5-color has-text-color has-background\" style=\"background-color:#2c1b56;font-size:28px\"><strong>ME CONTACTER<\/strong><\/p>\n\n\n\n<p class=\"has-text-align-center has-ast-global-color-6-color has-ast-global-color-5-background-color has-text-color has-background\">POUR TOUT RENSEIGNEMENT, QUESTIONS ET PRISES DE RENDEZ-VOUS, VEUILLEZ ME CONTACTER <br>AU<strong> <mark style=\"background-color:rgba(0, 0, 0, 0)\" class=\"has-inline-color has-ast-global-color-1-color\">+39 350 09 55 091<\/mark> <\/strong>OU M&rsquo;ECRIRE<strong> <mark style=\"background-color:rgba(0, 0, 0, 0)\" class=\"has-inline-color has-ast-global-color-1-color\">fede.pagn@gmail.com<\/mark><\/strong><\/p>\n<\/div>\n<\/div>\n","protected":false},"excerpt":{"rendered":"<p>Italienne bilingue En 2008, j\u2019entreprends un parcours universitaire fran\u00e7ais pour b\u00e9n\u00e9ficier d\u2019une formation pratique et \u00e0 la fois tr\u00e8s riche dans le domaine de la psychologie. FORMEE A LA SORBONNE En 2014, j\u2019obtiens mon bac +5 en psychologie clinique et psychopathologie \u00e0 l\u2019Universit\u00e9 Paris Cit\u00e9 la Sorbonne, \u00e0 Paris, France. AVEC DES STAGES PRESTIGIEUX Quatre [&hellip;]<\/p>\n","protected":false},"author":1,"featured_media":0,"parent":0,"menu_order":0,"comment_status":"closed","ping_status":"closed","template":"","meta":{"site-sidebar-layout":"default","site-content-layout":"","ast-site-content-layout":"","site-content-style":"default","site-sidebar-style":"default","ast-global-header-display":"","ast-banner-title-visibility":"","ast-main-header-display":"","ast-hfb-above-header-display":"","ast-hfb-below-header-display":"","ast-hfb-mobile-header-display":"","site-post-title":"","ast-breadcrumbs-content":"","ast-featured-img":"","footer-sml-layout":"","theme-transparent-header-meta":"","adv-header-id-meta":"","stick-header-meta":"","header-above-stick-meta":"","header-main-stick-meta":"","header-below-stick-meta":"","astra-migrate-meta-layouts":"default","ast-page-background-enabled":"default","ast-page-background-meta":{"desktop":{"background-color":"","background-image":"","background-repeat":"repeat","background-position":"center center","background-size":"auto","background-attachment":"scroll","background-type":"","background-media":"","overlay-type":"","overlay-color":"","overlay-gradient":""},"tablet":{"background-color":"","background-image":"","background-repeat":"repeat","background-position":"center center","background-size":"auto","background-attachment":"scroll","background-type":"","background-media":"","overlay-type":"","overlay-color":"","overlay-gradient":""},"mobile":{"background-color":"","background-image":"","background-repeat":"repeat","background-position":"center center","background-size":"auto","background-attachment":"scroll","background-type":"","background-media":"","overlay-type":"","overlay-color":"","overlay-gradient":""}},"ast-content-background-meta":{"desktop":{"background-color":"var(--ast-global-color-5)","background-image":"","background-repeat":"repeat","background-position":"center center","background-size":"auto","background-attachment":"scroll","background-type":"","background-media":"","overlay-type":"","overlay-color":"","overlay-gradient":""},"tablet":{"background-color":"var(--ast-global-color-5)","background-image":"","background-repeat":"repeat","background-position":"center center","background-size":"auto","background-attachment":"scroll","background-type":"","background-media":"","overlay-type":"","overlay-color":"","overlay-gradient":""},"mobile":{"background-color":"var(--ast-global-color-5)","background-image":"","background-repeat":"repeat","background-position":"center center","background-size":"auto","background-attachment":"scroll","background-type":"","background-media":"","overlay-type":"","overlay-color":"","overlay-gradient":""}},"footnotes":""},"class_list":["post-2020","page","type-page","status-publish","hentry"],"_links":{"self":[{"href":"https:\/\/federicapagnoni.it\/index.php\/wp-json\/wp\/v2\/pages\/2020","targetHints":{"allow":["GET"]}}],"collection":[{"href":"https:\/\/federicapagnoni.it\/index.php\/wp-json\/wp\/v2\/pages"}],"about":[{"href":"https:\/\/federicapagnoni.it\/index.php\/wp-json\/wp\/v2\/types\/page"}],"author":[{"embeddable":true,"href":"https:\/\/federicapagnoni.it\/index.php\/wp-json\/wp\/v2\/users\/1"}],"replies":[{"embeddable":true,"href":"https:\/\/federicapagnoni.it\/index.php\/wp-json\/wp\/v2\/comments?post=2020"}],"version-history":[{"count":23,"href":"https:\/\/federicapagnoni.it\/index.php\/wp-json\/wp\/v2\/pages\/2020\/revisions"}],"predecessor-version":[{"id":3071,"href":"https:\/\/federicapagnoni.it\/index.php\/wp-json\/wp\/v2\/pages\/2020\/revisions\/3071"}],"wp:attachment":[{"href":"https:\/\/federicapagnoni.it\/index.php\/wp-json\/wp\/v2\/media?parent=2020"}],"curies":[{"name":"wp","href":"https:\/\/api.w.org\/{rel}","templated":true}]}}