{"id":2023,"date":"2022-04-01T15:58:00","date_gmt":"2022-04-01T13:58:00","guid":{"rendered":"https:\/\/federicapagnoni.it\/?page_id=2023"},"modified":"2022-05-07T17:23:21","modified_gmt":"2022-05-07T15:23:21","slug":"psychologie-du-travail-2","status":"publish","type":"page","link":"https:\/\/federicapagnoni.it\/index.php\/fr\/psychologie-du-travail-2\/","title":{"rendered":"Psychologie du travail"},"content":{"rendered":"\n<div class=\"wp-block-group alignfull has-ast-global-color-5-background-color has-background is-layout-flow wp-block-group-is-layout-flow\">\n<div class=\"wp-block-cover aligncenter is-light has-parallax\" style=\"background-image:url(http:\/\/federicapagnoni.it\/wp-content\/uploads\/2022\/04\/nel-contesto-aziendale--scaled.jpg);min-height:400px;aspect-ratio:unset;\"><span aria-hidden=\"true\" class=\"has-background-dim-10 wp-block-cover__gradient-background has-background-dim\"><\/span><div class=\"wp-block-cover__inner-container is-layout-flow wp-block-cover-is-layout-flow\">\n<p class=\"has-text-align-center has-large-font-size\"><\/p>\n<\/div><\/div>\n\n\n\n<div class=\"wp-block-group alignfull is-layout-flow wp-block-group-is-layout-flow\">\n<h3 class=\"wp-block-heading\">Des consultations sp\u00e9cifiques pour le bien \u00eatre au travail<\/h3>\n\n\n\n<p>La plupart de travailleurs sont aujourd\u2019hui confront\u00e9s \u00e0 la pr\u00e9carit\u00e9 du travail&nbsp;en termes salarial, de long\u00e9vit\u00e9 contractuelle et \u00e0 un climat concurrentiel toujours plus important. Tous \u00e9l\u00e9ments qui perturbent les rapports humains entre coll\u00e8gues.<\/p>\n\n\n\n<p>Parall\u00e8lement, il y a aussi tous ceux qui s\u2019engagent dans un poste itin\u00e9rant et qui sont amen\u00e9s \u00e0 changer leur affectation au terme de p\u00e9riodes tr\u00e8s courtes, ce qui comporte une difficult\u00e9 suppl\u00e9mentaire dans un environnement professionnel le plus souvent d\u00e9j\u00e0 tr\u00e8s stressant.<\/p>\n\n\n\n<p>Pour ces raisons et bien d\u2019autres, gr\u00e2ce \u00e0 une formation sp\u00e9cifique, je suis \u00e0 m\u00eame d\u2019accompagner toutes celles et ceux qui souhaitent clarifier&nbsp;:<\/p>\n\n\n\n<ul class=\"wp-block-list\"><li><strong>Les attentes sous-jacentes et culturelles de l\u2019\u00e9quipe<\/strong> par rapport \u00e0 notre poste et d\u2019y r\u00e9pondre d\u2019une fa\u00e7on qui soit congrue pour soi et les autres,<\/li><li><strong>D\u2019appr\u00e9hender avec s\u00e9r\u00e9nit\u00e9 l\u2019entr\u00e9e dans une nouvelle \u00e9quipe&nbsp;<\/strong>: les conduites d\u2019accueil formelles et informelles r\u00e9serv\u00e9es aux nouveaux arrivants et les d\u00e9fenses qui peuvent \u00eatre mises en place,<\/li><li><strong>D\u00e9velopper les relations informelles <\/strong>entre coll\u00e8gues et comprendre les lieux symboliques catalisateurs de ces liens,<\/li><li><strong>D\u2019apprendre \u00e0 se relationner avec une nouvelle culture d\u2019entreprise<\/strong> et cerner le rapport \u00e0 la hi\u00e9rarchie requis par le contexte sp\u00e9cifique,<\/li><li><strong>Faire face \u00e0 une r\u00e9organisation d\u2019entreprise et affirmer ses ambitions,<\/strong><\/li><li><strong>Ajuster ses comp\u00e9tences communicatives<\/strong> selon le contexte, l\u2019entreprise et son interlocuteur,<\/li><li><strong>Comprendre la place qu\u2019est r\u00e9serv\u00e9e aux membres<\/strong> \u00e9trangers, selon la nationalit\u00e9, selon l\u2019appartenance d\u2019ordre professionnel ou selon le bagage personnel d\u2019exp\u00e9rience en entreprise.<\/li><\/ul>\n<\/div>\n<\/div>\n\n\n\n<div class=\"wp-block-columns is-layout-flex wp-container-core-columns-is-layout-28f84493 wp-block-columns-is-layout-flex\">\n<div class=\"wp-block-column is-layout-flow wp-block-column-is-layout-flow\">\n<p class=\"has-text-align-center has-ast-global-color-5-color has-text-color has-background\" style=\"background-color:#2c1b56;font-size:28px\"><strong>ME CONTACTER<\/strong><\/p>\n\n\n\n<p class=\"has-text-align-center has-ast-global-color-6-color has-ast-global-color-5-background-color has-text-color has-background\">POUR TOUT RENSEIGNEMENT, QUESTIONS ET PRISES DE RENDEZ-VOUS, VEUILLEZ ME CONTACTER <br>AU<strong> <mark style=\"background-color:rgba(0, 0, 0, 0)\" class=\"has-inline-color has-ast-global-color-1-color\">+39 350 09 55 091<\/mark> <\/strong>OU M&rsquo;ECRIRE<strong> <mark style=\"background-color:rgba(0, 0, 0, 0)\" class=\"has-inline-color has-ast-global-color-1-color\">fede.pagn@gmail.com<\/mark><\/strong><\/p>\n<\/div>\n<\/div>\n","protected":false},"excerpt":{"rendered":"<p>Des consultations sp\u00e9cifiques pour le bien \u00eatre au travail La plupart de travailleurs sont aujourd\u2019hui confront\u00e9s \u00e0 la pr\u00e9carit\u00e9 du travail&nbsp;en termes salarial, de long\u00e9vit\u00e9 contractuelle et \u00e0 un climat concurrentiel toujours plus important. Tous \u00e9l\u00e9ments qui perturbent les rapports humains entre coll\u00e8gues. Parall\u00e8lement, il y a aussi tous ceux qui s\u2019engagent dans un poste [&hellip;]<\/p>\n","protected":false},"author":1,"featured_media":0,"parent":0,"menu_order":0,"comment_status":"closed","ping_status":"closed","template":"","meta":{"site-sidebar-layout":"default","site-content-layout":"","ast-site-content-layout":"","site-content-style":"default","site-sidebar-style":"default","ast-global-header-display":"","ast-banner-title-visibility":"","ast-main-header-display":"","ast-hfb-above-header-display":"","ast-hfb-below-header-display":"","ast-hfb-mobile-header-display":"","site-post-title":"","ast-breadcrumbs-content":"","ast-featured-img":"","footer-sml-layout":"","theme-transparent-header-meta":"","adv-header-id-meta":"","stick-header-meta":"","header-above-stick-meta":"","header-main-stick-meta":"","header-below-stick-meta":"","astra-migrate-meta-layouts":"default","ast-page-background-enabled":"default","ast-page-background-meta":{"desktop":{"background-color":"","background-image":"","background-repeat":"repeat","background-position":"center center","background-size":"auto","background-attachment":"scroll","background-type":"","background-media":"","overlay-type":"","overlay-color":"","overlay-gradient":""},"tablet":{"background-color":"","background-image":"","background-repeat":"repeat","background-position":"center center","background-size":"auto","background-attachment":"scroll","background-type":"","background-media":"","overlay-type":"","overlay-color":"","overlay-gradient":""},"mobile":{"background-color":"","background-image":"","background-repeat":"repeat","background-position":"center center","background-size":"auto","background-attachment":"scroll","background-type":"","background-media":"","overlay-type":"","overlay-color":"","overlay-gradient":""}},"ast-content-background-meta":{"desktop":{"background-color":"var(--ast-global-color-5)","background-image":"","background-repeat":"repeat","background-position":"center center","background-size":"auto","background-attachment":"scroll","background-type":"","background-media":"","overlay-type":"","overlay-color":"","overlay-gradient":""},"tablet":{"background-color":"var(--ast-global-color-5)","background-image":"","background-repeat":"repeat","background-position":"center center","background-size":"auto","background-attachment":"scroll","background-type":"","background-media":"","overlay-type":"","overlay-color":"","overlay-gradient":""},"mobile":{"background-color":"var(--ast-global-color-5)","background-image":"","background-repeat":"repeat","background-position":"center center","background-size":"auto","background-attachment":"scroll","background-type":"","background-media":"","overlay-type":"","overlay-color":"","overlay-gradient":""}},"footnotes":""},"class_list":["post-2023","page","type-page","status-publish","hentry"],"_links":{"self":[{"href":"https:\/\/federicapagnoni.it\/index.php\/wp-json\/wp\/v2\/pages\/2023","targetHints":{"allow":["GET"]}}],"collection":[{"href":"https:\/\/federicapagnoni.it\/index.php\/wp-json\/wp\/v2\/pages"}],"about":[{"href":"https:\/\/federicapagnoni.it\/index.php\/wp-json\/wp\/v2\/types\/page"}],"author":[{"embeddable":true,"href":"https:\/\/federicapagnoni.it\/index.php\/wp-json\/wp\/v2\/users\/1"}],"replies":[{"embeddable":true,"href":"https:\/\/federicapagnoni.it\/index.php\/wp-json\/wp\/v2\/comments?post=2023"}],"version-history":[{"count":7,"href":"https:\/\/federicapagnoni.it\/index.php\/wp-json\/wp\/v2\/pages\/2023\/revisions"}],"predecessor-version":[{"id":3079,"href":"https:\/\/federicapagnoni.it\/index.php\/wp-json\/wp\/v2\/pages\/2023\/revisions\/3079"}],"wp:attachment":[{"href":"https:\/\/federicapagnoni.it\/index.php\/wp-json\/wp\/v2\/media?parent=2023"}],"curies":[{"name":"wp","href":"https:\/\/api.w.org\/{rel}","templated":true}]}}