{"id":2029,"date":"2022-04-01T16:00:00","date_gmt":"2022-04-01T14:00:00","guid":{"rendered":"https:\/\/federicapagnoni.it\/?page_id=2029"},"modified":"2022-05-07T17:23:48","modified_gmt":"2022-05-07T15:23:48","slug":"therapies-sur-mesure-2","status":"publish","type":"page","link":"https:\/\/federicapagnoni.it\/index.php\/fr\/therapies-sur-mesure-2\/","title":{"rendered":"Th\u00e9rapies sur mesure"},"content":{"rendered":"\n<div class=\"wp-block-group alignfull has-ast-global-color-5-background-color has-background is-layout-flow wp-block-group-is-layout-flow\">\n<div class=\"wp-block-cover aligncenter is-light has-parallax\" style=\"background-image:url(http:\/\/federicapagnoni.it\/wp-content\/uploads\/2022\/04\/hands-world-map-600497.jpg);min-height:400px;aspect-ratio:unset;\"><span aria-hidden=\"true\" class=\"has-background-dim-10 wp-block-cover__gradient-background has-background-dim\"><\/span><div class=\"wp-block-cover__inner-container is-layout-flow wp-block-cover-is-layout-flow\">\n<p class=\"has-text-align-center has-large-font-size\"><\/p>\n<\/div><\/div>\n\n\n\n<h3 class=\"wp-block-heading\">L&rsquo;offre sur mesure con\u00e7ue pour les expatri\u00e9s et le personnel en d\u00e9tachement est la marque concr\u00e8te d&rsquo;une psychologie sans fronti\u00e8res<\/h3>\n\n\n\n<p>Les expatri\u00e9s et leur famille vivent au quotidien dans un pays \u00e9tranger dont il ne maitrise pas les r\u00e9f\u00e9rences culturelles, se heurtent aux difficult\u00e9s administratives, doivent entretenir des liens r\u00e9guliers avec leurs proches et familles rest\u00e9es au pays, et accompagner leurs enfants dans une \u00e9ducation internationale.<\/p>\n\n\n\n<p><strong>L\u2019accompagnement devrait \u00eatre un droit de tous, <\/strong>y compris pour ceux qui sont loin de chez eux et qui voudraient b\u00e9n\u00e9ficier d\u2019un soutien dans leurs langue maternelle.<\/p>\n\n\n\n<p>Dans mon cabinet, je m\u2019engage personnellement \u00e0 la promotion d\u2019une psychologie \u00ab&nbsp;sans fronti\u00e8res&nbsp;\u00bb, v\u00e9ritable \u00ab&nbsp;clin d\u2019\u0153il&nbsp;\u00bb \u00e0 mon exp\u00e9rience personnelle d\u2019expatriation de dix ann\u00e9es en France et \u00e0 ma pratique de th\u00e9rapeute au quotidien en lien avec des patients francophones pr\u00e9sents dans le Monde (nombreux suivis th\u00e9rapeutiques \u00e0 distance).<\/p>\n\n\n\n<p>Le contact avec une population d\u2019expatri\u00e9s rend concr\u00e8te la n\u00e9cessit\u00e9 de penser une mati\u00e8re psychologique qui soit sp\u00e9cifique aux p\u00e9culiarit\u00e9s remarqu\u00e9es tout au long de mon exp\u00e9rience.<\/p>\n\n\n\n<p>Cette psychologie sans fronti\u00e8res a donc toute sa place comme argument d\u2019\u00e9tude, d\u2019approfondissement et d\u2019application clinique.<\/p>\n\n\n\n<p>Cette approche permet un suivi sur mesure qui se centre sur des difficult\u00e9s comme&nbsp;:<\/p>\n\n\n\n<ul class=\"wp-block-list\"><li>L\u2019int\u00e9gration culturelle, scolaire et professionnelle,<\/li><li>La redistribution des r\u00f4les au sein d\u2019une famille expatri\u00e9e,<\/li><li>La gestion des rapports \u00e0 distance et les rapports au sein de couples mixtes,<\/li><li>Le savoir concr\u00e9tiser des projets dans le pays d\u2019accueil ou bien de retour dans son pays.<\/li><\/ul>\n<\/div>\n\n\n\n<div class=\"wp-block-columns is-layout-flex wp-container-core-columns-is-layout-28f84493 wp-block-columns-is-layout-flex\">\n<div class=\"wp-block-column is-layout-flow wp-block-column-is-layout-flow\">\n<p class=\"has-text-align-center has-ast-global-color-5-color has-text-color has-background\" style=\"background-color:#2c1b56;font-size:28px\"><strong>ME CONTACTER<\/strong><\/p>\n\n\n\n<p class=\"has-text-align-center has-ast-global-color-6-color has-ast-global-color-5-background-color has-text-color has-background\">POUR TOUT RENSEIGNEMENT, QUESTIONS ET PRISES DE RENDEZ-VOUS, VEUILLEZ ME CONTACTER <br>AU<strong> <mark style=\"background-color:rgba(0, 0, 0, 0)\" class=\"has-inline-color has-ast-global-color-1-color\">+39 350 09 55 091<\/mark> <\/strong>OU M&rsquo;ECRIRE<strong> <mark style=\"background-color:rgba(0, 0, 0, 0)\" class=\"has-inline-color has-ast-global-color-1-color\">fede.pagn@gmail.com<\/mark><\/strong><\/p>\n<\/div>\n<\/div>\n","protected":false},"excerpt":{"rendered":"<p>L&rsquo;offre sur mesure con\u00e7ue pour les expatri\u00e9s et le personnel en d\u00e9tachement est la marque concr\u00e8te d&rsquo;une psychologie sans fronti\u00e8res Les expatri\u00e9s et leur famille vivent au quotidien dans un pays \u00e9tranger dont il ne maitrise pas les r\u00e9f\u00e9rences culturelles, se heurtent aux difficult\u00e9s administratives, doivent entretenir des liens r\u00e9guliers avec leurs proches et familles [&hellip;]<\/p>\n","protected":false},"author":1,"featured_media":0,"parent":0,"menu_order":0,"comment_status":"closed","ping_status":"closed","template":"","meta":{"site-sidebar-layout":"default","site-content-layout":"","ast-site-content-layout":"","site-content-style":"default","site-sidebar-style":"default","ast-global-header-display":"","ast-banner-title-visibility":"","ast-main-header-display":"","ast-hfb-above-header-display":"","ast-hfb-below-header-display":"","ast-hfb-mobile-header-display":"","site-post-title":"","ast-breadcrumbs-content":"","ast-featured-img":"","footer-sml-layout":"","theme-transparent-header-meta":"","adv-header-id-meta":"","stick-header-meta":"","header-above-stick-meta":"","header-main-stick-meta":"","header-below-stick-meta":"","astra-migrate-meta-layouts":"default","ast-page-background-enabled":"default","ast-page-background-meta":{"desktop":{"background-color":"","background-image":"","background-repeat":"repeat","background-position":"center center","background-size":"auto","background-attachment":"scroll","background-type":"","background-media":"","overlay-type":"","overlay-color":"","overlay-gradient":""},"tablet":{"background-color":"","background-image":"","background-repeat":"repeat","background-position":"center center","background-size":"auto","background-attachment":"scroll","background-type":"","background-media":"","overlay-type":"","overlay-color":"","overlay-gradient":""},"mobile":{"background-color":"","background-image":"","background-repeat":"repeat","background-position":"center center","background-size":"auto","background-attachment":"scroll","background-type":"","background-media":"","overlay-type":"","overlay-color":"","overlay-gradient":""}},"ast-content-background-meta":{"desktop":{"background-color":"var(--ast-global-color-5)","background-image":"","background-repeat":"repeat","background-position":"center center","background-size":"auto","background-attachment":"scroll","background-type":"","background-media":"","overlay-type":"","overlay-color":"","overlay-gradient":""},"tablet":{"background-color":"var(--ast-global-color-5)","background-image":"","background-repeat":"repeat","background-position":"center center","background-size":"auto","background-attachment":"scroll","background-type":"","background-media":"","overlay-type":"","overlay-color":"","overlay-gradient":""},"mobile":{"background-color":"var(--ast-global-color-5)","background-image":"","background-repeat":"repeat","background-position":"center center","background-size":"auto","background-attachment":"scroll","background-type":"","background-media":"","overlay-type":"","overlay-color":"","overlay-gradient":""}},"footnotes":""},"class_list":["post-2029","page","type-page","status-publish","hentry"],"_links":{"self":[{"href":"https:\/\/federicapagnoni.it\/index.php\/wp-json\/wp\/v2\/pages\/2029","targetHints":{"allow":["GET"]}}],"collection":[{"href":"https:\/\/federicapagnoni.it\/index.php\/wp-json\/wp\/v2\/pages"}],"about":[{"href":"https:\/\/federicapagnoni.it\/index.php\/wp-json\/wp\/v2\/types\/page"}],"author":[{"embeddable":true,"href":"https:\/\/federicapagnoni.it\/index.php\/wp-json\/wp\/v2\/users\/1"}],"replies":[{"embeddable":true,"href":"https:\/\/federicapagnoni.it\/index.php\/wp-json\/wp\/v2\/comments?post=2029"}],"version-history":[{"count":9,"href":"https:\/\/federicapagnoni.it\/index.php\/wp-json\/wp\/v2\/pages\/2029\/revisions"}],"predecessor-version":[{"id":3080,"href":"https:\/\/federicapagnoni.it\/index.php\/wp-json\/wp\/v2\/pages\/2029\/revisions\/3080"}],"wp:attachment":[{"href":"https:\/\/federicapagnoni.it\/index.php\/wp-json\/wp\/v2\/media?parent=2029"}],"curies":[{"name":"wp","href":"https:\/\/api.w.org\/{rel}","templated":true}]}}