{"id":2390,"date":"2022-04-07T10:45:33","date_gmt":"2022-04-07T08:45:33","guid":{"rendered":"https:\/\/federicapagnoni.it\/?page_id=2390"},"modified":"2022-05-07T17:22:11","modified_gmt":"2022-05-07T15:22:11","slug":"techniques-daccompagnement","status":"publish","type":"page","link":"https:\/\/federicapagnoni.it\/index.php\/fr\/techniques-daccompagnement\/","title":{"rendered":"Techniques d&rsquo;accompagnement"},"content":{"rendered":"\n<div class=\"wp-block-group alignfull has-ast-global-color-5-background-color has-background is-layout-flow wp-block-group-is-layout-flow\">\n<div class=\"wp-block-cover aligncenter is-light has-parallax\" style=\"background-image:url(http:\/\/federicapagnoni.it\/wp-content\/uploads\/2022\/04\/watercolor-gradient-painting-technique-1336856.jpg);min-height:400px;aspect-ratio:unset;\"><span aria-hidden=\"true\" class=\"has-background-dim-10 wp-block-cover__gradient-background has-background-dim\"><\/span><div class=\"wp-block-cover__inner-container is-layout-flow wp-block-cover-is-layout-flow\">\n<p class=\"has-text-align-center has-large-font-size\"><\/p>\n<\/div><\/div>\n\n\n\n<p class=\"has-ast-global-color-5-background-color has-background\"><strong>Et plus sp\u00e9cifiquement je travaille selon&nbsp;:<\/strong><\/p>\n\n\n\n<ul class=\"has-ast-global-color-5-background-color has-background wp-block-list\"><li>Un vaste r\u00e9f\u00e9rentiel d\u2019approches, telles que de la th\u00e9orie de l\u2019attachement et la th\u00e9orie syst\u00e9mique en promouvant le m\u00eame \u00e9clectisme de ma formation initiale.<\/li><li>Une prise en charge clinique bas\u00e9e sur la parole ou l\u2019emploi de techniques dites de m\u00e9diation&nbsp;: outils de travail qui comble ce que la parole ne peut parfois exprimer.<\/li><\/ul>\n\n\n\n<p>Ces techniques de m\u00e9diation comprennent l\u2019usage de pictogrammes, la r\u00e9daction de journaux de bord, la construction de dialogues co-\u00e9crits en pr\u00e9sentiel, le dessein, la manipulation de la p\u00e2te \u00e0 modeler, l\u2019illustration de sch\u00e9ma d\u2019analyse des croyances ou leur co-constructions, l\u2019usage du photolangage et les jeux des r\u00f4les.<\/p>\n\n\n\n<p>Comme pour l\u2019approche, ce sont des techniques aptes \u00e0 \u00eatre utilis\u00e9es pour tous types de dispositifs et situations.<\/p>\n<\/div>\n\n\n\n<div class=\"wp-block-columns is-layout-flex wp-container-core-columns-is-layout-28f84493 wp-block-columns-is-layout-flex\">\n<div class=\"wp-block-column is-layout-flow wp-block-column-is-layout-flow\">\n<p class=\"has-text-align-center has-ast-global-color-5-color has-text-color has-background\" style=\"background-color:#2c1b56;font-size:28px\"><strong>ME CONTACTER<\/strong><\/p>\n\n\n\n<p class=\"has-text-align-center has-ast-global-color-6-color has-ast-global-color-5-background-color has-text-color has-background\">POUR TOUT RENSEIGNEMENT, QUESTIONS ET PRISES DE RENDEZ-VOUS, VEUILLEZ ME CONTACTER <br>AU<strong> <mark style=\"background-color:rgba(0, 0, 0, 0)\" class=\"has-inline-color has-ast-global-color-1-color\">+39 350 09 55 091<\/mark> <\/strong>OU M&rsquo;ECRIRE<strong> <mark style=\"background-color:rgba(0, 0, 0, 0)\" class=\"has-inline-color has-ast-global-color-1-color\">fede.pagn@gmail.com<\/mark><\/strong><\/p>\n<\/div>\n<\/div>\n","protected":false},"excerpt":{"rendered":"<p>Et plus sp\u00e9cifiquement je travaille selon&nbsp;: Un vaste r\u00e9f\u00e9rentiel d\u2019approches, telles que de la th\u00e9orie de l\u2019attachement et la th\u00e9orie syst\u00e9mique en promouvant le m\u00eame \u00e9clectisme de ma formation initiale. Une prise en charge clinique bas\u00e9e sur la parole ou l\u2019emploi de techniques dites de m\u00e9diation&nbsp;: outils de travail qui comble ce que la parole [&hellip;]<\/p>\n","protected":false},"author":1,"featured_media":0,"parent":0,"menu_order":0,"comment_status":"closed","ping_status":"closed","template":"","meta":{"site-sidebar-layout":"default","site-content-layout":"","ast-site-content-layout":"","site-content-style":"default","site-sidebar-style":"default","ast-global-header-display":"","ast-banner-title-visibility":"","ast-main-header-display":"","ast-hfb-above-header-display":"","ast-hfb-below-header-display":"","ast-hfb-mobile-header-display":"","site-post-title":"","ast-breadcrumbs-content":"","ast-featured-img":"","footer-sml-layout":"","theme-transparent-header-meta":"","adv-header-id-meta":"","stick-header-meta":"","header-above-stick-meta":"","header-main-stick-meta":"","header-below-stick-meta":"","astra-migrate-meta-layouts":"default","ast-page-background-enabled":"default","ast-page-background-meta":{"desktop":{"background-color":"","background-image":"","background-repeat":"repeat","background-position":"center center","background-size":"auto","background-attachment":"scroll","background-type":"","background-media":"","overlay-type":"","overlay-color":"","overlay-gradient":""},"tablet":{"background-color":"","background-image":"","background-repeat":"repeat","background-position":"center center","background-size":"auto","background-attachment":"scroll","background-type":"","background-media":"","overlay-type":"","overlay-color":"","overlay-gradient":""},"mobile":{"background-color":"","background-image":"","background-repeat":"repeat","background-position":"center center","background-size":"auto","background-attachment":"scroll","background-type":"","background-media":"","overlay-type":"","overlay-color":"","overlay-gradient":""}},"ast-content-background-meta":{"desktop":{"background-color":"var(--ast-global-color-5)","background-image":"","background-repeat":"repeat","background-position":"center center","background-size":"auto","background-attachment":"scroll","background-type":"","background-media":"","overlay-type":"","overlay-color":"","overlay-gradient":""},"tablet":{"background-color":"var(--ast-global-color-5)","background-image":"","background-repeat":"repeat","background-position":"center center","background-size":"auto","background-attachment":"scroll","background-type":"","background-media":"","overlay-type":"","overlay-color":"","overlay-gradient":""},"mobile":{"background-color":"var(--ast-global-color-5)","background-image":"","background-repeat":"repeat","background-position":"center center","background-size":"auto","background-attachment":"scroll","background-type":"","background-media":"","overlay-type":"","overlay-color":"","overlay-gradient":""}},"footnotes":""},"class_list":["post-2390","page","type-page","status-publish","hentry"],"_links":{"self":[{"href":"https:\/\/federicapagnoni.it\/index.php\/wp-json\/wp\/v2\/pages\/2390","targetHints":{"allow":["GET"]}}],"collection":[{"href":"https:\/\/federicapagnoni.it\/index.php\/wp-json\/wp\/v2\/pages"}],"about":[{"href":"https:\/\/federicapagnoni.it\/index.php\/wp-json\/wp\/v2\/types\/page"}],"author":[{"embeddable":true,"href":"https:\/\/federicapagnoni.it\/index.php\/wp-json\/wp\/v2\/users\/1"}],"replies":[{"embeddable":true,"href":"https:\/\/federicapagnoni.it\/index.php\/wp-json\/wp\/v2\/comments?post=2390"}],"version-history":[{"count":12,"href":"https:\/\/federicapagnoni.it\/index.php\/wp-json\/wp\/v2\/pages\/2390\/revisions"}],"predecessor-version":[{"id":3076,"href":"https:\/\/federicapagnoni.it\/index.php\/wp-json\/wp\/v2\/pages\/2390\/revisions\/3076"}],"wp:attachment":[{"href":"https:\/\/federicapagnoni.it\/index.php\/wp-json\/wp\/v2\/media?parent=2390"}],"curies":[{"name":"wp","href":"https:\/\/api.w.org\/{rel}","templated":true}]}}